{"id":127,"date":"2020-02-28T22:33:40","date_gmt":"2020-02-28T21:33:40","guid":{"rendered":"https:\/\/locationvillapalombaggia.com\/?page_id=127"},"modified":"2020-02-28T22:33:41","modified_gmt":"2020-02-28T21:33:41","slug":"activites-a-la-plage-de-palombaggia-et-autour-de-la-villa-casamirafio","status":"publish","type":"page","link":"https:\/\/locationvillapalombaggia.com\/index.php\/activites-a-la-plage-de-palombaggia-et-autour-de-la-villa-casamirafio\/","title":{"rendered":"Activit\u00e9s \u00e0 la plage de Palombaggia et autour de la villa CASAMIRAFIO"},"content":{"rendered":"\n\n\n<figure class=\"wp-block-image size-large\"><img decoding=\"async\" loading=\"lazy\" width=\"1024\" height=\"681\" src=\"https:\/\/locationvillapalombaggia.com\/wp-content\/uploads\/2020\/02\/TcZFKOjTUKUWDDTijMxQA_thumb_2da7-1024x681.jpg\" alt=\"Activit\u00e9s \u00e0 la plage de Palombaggia\" class=\"wp-image-109\" srcset=\"https:\/\/locationvillapalombaggia.com\/wp-content\/uploads\/2020\/02\/TcZFKOjTUKUWDDTijMxQA_thumb_2da7-1024x681.jpg 1024w, https:\/\/locationvillapalombaggia.com\/wp-content\/uploads\/2020\/02\/TcZFKOjTUKUWDDTijMxQA_thumb_2da7-300x200.jpg 300w, https:\/\/locationvillapalombaggia.com\/wp-content\/uploads\/2020\/02\/TcZFKOjTUKUWDDTijMxQA_thumb_2da7-768x511.jpg 768w, https:\/\/locationvillapalombaggia.com\/wp-content\/uploads\/2020\/02\/TcZFKOjTUKUWDDTijMxQA_thumb_2da7.jpg 1087w\" sizes=\"(max-width: 706px) 89vw, (max-width: 767px) 82vw, 740px\" \/><figcaption>locationvillapalombaggia.com<\/figcaption><\/figure>\n\n\n\n<p>La plage de Palombaggia a \u00e9t\u00e9 \u00e9lue plus belle plage d&rsquo;Europe en 2019.Elle offre une tr\u00e8s vaste \u00e9tendue de sable blanc ,avec une eau cristalline et des pins qui bordent la plage.<\/p>\n\n\n\n<p>Ac<strong>tivit\u00e9s sur Palombaggia:<\/strong><\/p>\n\n\n\n<ul><li>Naturellement les bains de soleil et les bains de mer ,dans une eau des plus cristallines sont les premi\u00e8res activit\u00e9s que nous pouvons citer.<\/li><li>Le<strong> jet-ski <\/strong>et les randonn\u00e9es en Jetski\u00a0. Au d\u00e9part de la plage ,vous pouvez louer un jet-ski pour une pratique individuelle ou envisager de vous inscrire pour une randonn\u00e9e accompagn\u00e9e d\u2019un moniteur .De la plage de Palombaggia vous pourrez aller dans le <strong>parc de Bonifacio <\/strong>et ainsi d\u00e9couvrir des calanques isol\u00e9es et de merveilleux paysages.<\/li><\/ul>\n\n\n\n<p>Vous passerez par la <strong>baie de Rondinara<\/strong> pour vous rendre vers l\u2019archipel des iles Lavezzi. Les plus courageux iront jusqu\u2019au <strong>port de Bonifacio <\/strong>et d\u00e9couvriront les fameuses <strong>falaises de Bonifacio <\/strong>avec leurs multiples grottes accessibles en Jet ski.<\/p>\n\n\n\n<figure class=\"wp-block-image size-large\"><img decoding=\"async\" loading=\"lazy\" width=\"800\" height=\"600\" src=\"https:\/\/locationvillapalombaggia.com\/wp-content\/uploads\/2020\/02\/IMG_0390.jpg\" alt=\"\" class=\"wp-image-52\" srcset=\"https:\/\/locationvillapalombaggia.com\/wp-content\/uploads\/2020\/02\/IMG_0390.jpg 800w, https:\/\/locationvillapalombaggia.com\/wp-content\/uploads\/2020\/02\/IMG_0390-300x225.jpg 300w, https:\/\/locationvillapalombaggia.com\/wp-content\/uploads\/2020\/02\/IMG_0390-768x576.jpg 768w\" sizes=\"(max-width: 706px) 89vw, (max-width: 767px) 82vw, 740px\" \/><figcaption>Jet ski aus iles lavezzi<\/figcaption><\/figure>\n\n\n\n<ul><li><strong>La plong\u00e9e sous-marine<\/strong>\u00a0:La plage de Palombaggia est situ\u00e9e juste en face des<strong> iles Cerbicales<\/strong> , qui sont une <strong>r\u00e9serve naturelle<\/strong>. Vous pourrez y pratiquer la plong\u00e9e sous-marine dans de nombreux clubs de plong\u00e9e et ainsi d\u00e9couvrir la faune sous-marine locale essentiellement compos\u00e9e de M\u00e9rous, Barracudas, sars,  dentis\u2026<\/li><li><strong>Paillotes de r\u00eave \u00e0 Palombaggia<\/strong>\u00a0:La plage de Palombaggia compte 3 paillotes de tr\u00e8s bon niveau qui offrent un service de de qualit\u00e9.Vous pouvez vous y rendre en Bateau priv\u00e9 .il vous sera propos\u00e9 un accueil sur place par un syst\u00e8me de navette et une possibilit\u00e9 de mouiller votre bateau \u00e0 un corps mort pendant le repas \u00e0 la paillote.<\/li><\/ul>\n\n\n\n<p><strong>Activit\u00e9s \u00e0 Proximit\u00e9 de Palombaggia\u00a0:<\/strong><\/p>\n\n\n\n<p>L\u2019attrait de la r\u00e9gion de Porto-Vecchio est de m\u00e9ler les\nactivit\u00e9s maritimes aux activit\u00e9s de Montagne.La montagne Corse est \u00e0 moins d\u2019une\ndemi-heure de Porto-Vecchio et vous changerez totalement de d\u00e9cor.<\/p>\n\n\n\n<ul><li><strong>Randonn\u00e9e sur le GR20<\/strong>\u00a0:Le d\u00e9part du c\u00e9l\u00e8bre sentier de randonn\u00e9e se fait \u00e0 Conca juste \u00e0 cot\u00e9 de Porto-Vecchio. Vous pourrez l\u2019emprunter sur la distance adapt\u00e9 \u00e0 vos attentes.<\/li><li>Faire du<strong> canyoning \u00e0 L\u2019osp\u00e9dale<\/strong>. Les cascades de <strong>Piscia di Gallo <\/strong>, vous offrent la possibilit\u00e9 de vous baigner dans la rivi\u00e8re ou de pratiquer le canyoning.<\/li><li><strong>Escalade et via ferrata<\/strong> dans la <strong>for\u00eat de l\u2019Osp\u00e9dale<\/strong>. De nombreux parcours am\u00e9nag\u00e9s pour tous les ages , vous permettront de pratiquer cette activit\u00e9 entre amis ou en famille.<\/li><li><strong>Location de quad<\/strong> dans la foret de l\u2019Osp\u00e9dale.<\/li><\/ul>\n\n\n\n<p>La r\u00e9gion de Palombaggia et de Porto-Vecchio offrent de nombreuses activit\u00e9s touristiques et sportives qui vous permettront de <strong>passer des vacances en Corse du sud inoubliables.<\/strong><\/p>\n","protected":false},"excerpt":{"rendered":"<p>La plage de Palombaggia a \u00e9t\u00e9 \u00e9lue plus belle plage d&rsquo;Europe en 2019.Elle offre une tr\u00e8s vaste \u00e9tendue de sable blanc ,avec une eau cristalline et des pins qui bordent la plage. Activit\u00e9s sur Palombaggia: Naturellement les bains de soleil et les bains de mer ,dans une eau des plus cristallines sont les premi\u00e8res activit\u00e9s &hellip; <\/p>\n<p class=\"link-more\"><a href=\"https:\/\/locationvillapalombaggia.com\/index.php\/activites-a-la-plage-de-palombaggia-et-autour-de-la-villa-casamirafio\/\" class=\"more-link\">Continuer la lecture<span class=\"screen-reader-text\"> de &laquo;&nbsp;Activit\u00e9s \u00e0 la plage de Palombaggia et autour de la villa CASAMIRAFIO&nbsp;&raquo;<\/span><\/a><\/p>\n","protected":false},"author":1,"featured_media":0,"parent":0,"menu_order":0,"comment_status":"closed","ping_status":"closed","template":"","meta":{"footnotes":""},"_links":{"self":[{"href":"https:\/\/locationvillapalombaggia.com\/index.php\/wp-json\/wp\/v2\/pages\/127"}],"collection":[{"href":"https:\/\/locationvillapalombaggia.com\/index.php\/wp-json\/wp\/v2\/pages"}],"about":[{"href":"https:\/\/locationvillapalombaggia.com\/index.php\/wp-json\/wp\/v2\/types\/page"}],"author":[{"embeddable":true,"href":"https:\/\/locationvillapalombaggia.com\/index.php\/wp-json\/wp\/v2\/users\/1"}],"replies":[{"embeddable":true,"href":"https:\/\/locationvillapalombaggia.com\/index.php\/wp-json\/wp\/v2\/comments?post=127"}],"version-history":[{"count":1,"href":"https:\/\/locationvillapalombaggia.com\/index.php\/wp-json\/wp\/v2\/pages\/127\/revisions"}],"predecessor-version":[{"id":128,"href":"https:\/\/locationvillapalombaggia.com\/index.php\/wp-json\/wp\/v2\/pages\/127\/revisions\/128"}],"wp:attachment":[{"href":"https:\/\/locationvillapalombaggia.com\/index.php\/wp-json\/wp\/v2\/media?parent=127"}],"curies":[{"name":"wp","href":"https:\/\/api.w.org\/{rel}","templated":true}]}}