{"id":9,"date":"2020-02-04T11:26:37","date_gmt":"2020-02-04T10:26:37","guid":{"rendered":"http:\/\/locationvillapalombaggia.com\/?page_id=9"},"modified":"2021-02-07T09:50:48","modified_gmt":"2021-02-07T08:50:48","slug":"villa-casamirafio","status":"publish","type":"page","link":"https:\/\/locationvillapalombaggia.com\/index.php\/villa-casamirafio\/","title":{"rendered":""},"content":{"rendered":"<p><script type=\"text\/javascript\"> window.smartlook||(function(d) { var o=smartlook=function(){ o.api.push(arguments)},h=d.getElementsByTagName('head')[0]; var c=d.createElement('script');o.api=new Array();c.async=true;c.type='text\/javascript'; c.charset='utf-8';c.src='https:\/\/rec.smartlook.com\/recorder.js';h.appendChild(c); })(document); smartlook('init', '062f77c17ea9a37e209ea7cdd99684dd82eea6f8'); <\/script><\/p>\n\n\n\n\n<p><a href=\"http:\/\/www.locationvillapalombaggia.com\/contact.html\">Contact<\/a>.   <\/p>\n\n\n\n<p>                                           <\/p>\n\n\n\n<p><em><a href=\"https:\/\/locationvillapalombaggia.com\/index.php\/termes-et-conditions-de-location-le-la-villa\/\">Conditions g\u00e9n\u00e9rales de location et d&rsquo;annulation.<\/a><\/em><\/p>\n\n\n\n<p><\/p>\n\n\n\n<p>   <em> R\u00e9servations int\u00e9gralement rembours\u00e9es en cas de reconfinement .<\/em><\/p>\n","protected":false},"excerpt":{"rendered":"<p>Contact. Conditions g\u00e9n\u00e9rales de location et d&rsquo;annulation. R\u00e9servations int\u00e9gralement rembours\u00e9es en cas de reconfinement .<\/p>\n","protected":false},"author":1,"featured_media":0,"parent":0,"menu_order":0,"comment_status":"closed","ping_status":"closed","template":"","meta":{"footnotes":""},"_links":{"self":[{"href":"https:\/\/locationvillapalombaggia.com\/index.php\/wp-json\/wp\/v2\/pages\/9"}],"collection":[{"href":"https:\/\/locationvillapalombaggia.com\/index.php\/wp-json\/wp\/v2\/pages"}],"about":[{"href":"https:\/\/locationvillapalombaggia.com\/index.php\/wp-json\/wp\/v2\/types\/page"}],"author":[{"embeddable":true,"href":"https:\/\/locationvillapalombaggia.com\/index.php\/wp-json\/wp\/v2\/users\/1"}],"replies":[{"embeddable":true,"href":"https:\/\/locationvillapalombaggia.com\/index.php\/wp-json\/wp\/v2\/comments?post=9"}],"version-history":[{"count":18,"href":"https:\/\/locationvillapalombaggia.com\/index.php\/wp-json\/wp\/v2\/pages\/9\/revisions"}],"predecessor-version":[{"id":175,"href":"https:\/\/locationvillapalombaggia.com\/index.php\/wp-json\/wp\/v2\/pages\/9\/revisions\/175"}],"wp:attachment":[{"href":"https:\/\/locationvillapalombaggia.com\/index.php\/wp-json\/wp\/v2\/media?parent=9"}],"curies":[{"name":"wp","href":"https:\/\/api.w.org\/{rel}","templated":true}]}}